{"id":2726,"date":"2021-08-18T08:50:21","date_gmt":"2021-08-18T11:50:21","guid":{"rendered":"https:\/\/www.bloe.com.br\/?post_type=product&#038;p=2726"},"modified":"2025-09-29T14:21:29","modified_gmt":"2025-09-29T17:21:29","slug":"jaqueta-utilitaria-unisex","status":"publish","type":"product","link":"https:\/\/www.bloe.com.br\/index.php\/produto\/jaqueta-utilitaria-unisex\/","title":{"rendered":"Jaqueta Utilit\u00e1ria Unissex"},"content":{"rendered":"<p>Jaqueta de sarja leve, 100% algod\u00e3o e forrada com tecido 100% algod\u00e3o. Tem v\u00e1rios bolsos pra voc\u00ea, tanto mulher quanto homem, usar e abusar, e um ajuste de cadar\u00e7o na parte interna na faixa da cintura que deixa a pe\u00e7a mais ergon\u00f4mica. Destaque para o design com recortes e pespontos (costuras) no ombro, bra\u00e7o, etc&#8230; Nessa a gente caprichou! Fechamento com bot\u00e3o de press\u00e3o, s\u00f3 que com o n\u00edvel certo de press\u00e3o: n\u00e3o aquele chato que voc\u00ea se mata de apertar pra fechar e depois morre de puxar pra abrir de novo. A modelagem \u00e9 Unissex, ou seja, mais soltinha. Ent\u00e3o, para mulheres ,considerem comprar um tamanho menor do que voc\u00ea costuma usar (ex: Se usa M compre P)<\/p>\n","protected":false},"excerpt":{"rendered":"<p>Jaqueta de sarja leve, 100% algod\u00e3o e forrada com tecido 100% algod\u00e3o. Tem v\u00e1rios bolsos pra voc\u00ea, tanto mulher quanto homem, usar e abusar, e um ajuste de cadar\u00e7o na parte interna na faixa da cintura que deixa a pe\u00e7a mais ergon\u00f4mica.<\/p>\n","protected":false},"featured_media":2731,"comment_status":"open","ping_status":"closed","template":"","meta":{"spay_email":"","jetpack_publicize_message":"","jetpack_is_tweetstorm":false},"jetpack_publicize_connections":[],"_links":{"self":[{"href":"https:\/\/www.bloe.com.br\/index.php\/wp-json\/wp\/v2\/product\/2726"}],"collection":[{"href":"https:\/\/www.bloe.com.br\/index.php\/wp-json\/wp\/v2\/product"}],"about":[{"href":"https:\/\/www.bloe.com.br\/index.php\/wp-json\/wp\/v2\/types\/product"}],"replies":[{"embeddable":true,"href":"https:\/\/www.bloe.com.br\/index.php\/wp-json\/wp\/v2\/comments?post=2726"}],"wp:featuredmedia":[{"embeddable":true,"href":"https:\/\/www.bloe.com.br\/index.php\/wp-json\/wp\/v2\/media\/2731"}],"wp:attachment":[{"href":"https:\/\/www.bloe.com.br\/index.php\/wp-json\/wp\/v2\/media?parent=2726"}],"curies":[{"name":"wp","href":"https:\/\/api.w.org\/{rel}","templated":true}]}}