{"id":2706,"date":"2021-08-18T08:19:18","date_gmt":"2021-08-18T11:19:18","guid":{"rendered":"https:\/\/www.bloe.com.br\/?post_type=product&#038;p=2706"},"modified":"2023-07-17T07:59:31","modified_gmt":"2023-07-17T10:59:31","slug":"camisa-viagem-unisex","status":"publish","type":"product","link":"https:\/\/www.bloe.com.br\/index.php\/produto\/camisa-viagem-unisex\/","title":{"rendered":"Camisa Viagem Unissex"},"content":{"rendered":"<p>A camisa cumpre o que o nome promete: com bolsos em folie (aquela aba que amplia o espa\u00e7o \u00fatil do bolso) e pespontos (leia-se costuras) que refor\u00e7am a resist\u00eancia e s\u00e3o charmosas demais, tanta para ele quanto para ela. Como funcionalidade \u00e9 (quase) tudo, \u00e9 uma camisa que, sabendo combinar, vai bem em qualquer ambiente (trabalho, viagem, etc).<\/p>\n","protected":false},"excerpt":{"rendered":"<p>A camisa cumpre o que o nome promete: com bolsos em folie (aquela aba que amplia o espa\u00e7o \u00fatil do bolso) e pespontos (leia-se costuras) que refor\u00e7am a resist\u00eancia e s\u00e3o charmosas demais, tanta para ele quanto para ela.<\/p>\n","protected":false},"featured_media":2708,"comment_status":"open","ping_status":"closed","template":"","meta":{"spay_email":"","jetpack_publicize_message":"","jetpack_is_tweetstorm":false},"jetpack_publicize_connections":[],"_links":{"self":[{"href":"https:\/\/www.bloe.com.br\/index.php\/wp-json\/wp\/v2\/product\/2706"}],"collection":[{"href":"https:\/\/www.bloe.com.br\/index.php\/wp-json\/wp\/v2\/product"}],"about":[{"href":"https:\/\/www.bloe.com.br\/index.php\/wp-json\/wp\/v2\/types\/product"}],"replies":[{"embeddable":true,"href":"https:\/\/www.bloe.com.br\/index.php\/wp-json\/wp\/v2\/comments?post=2706"}],"wp:featuredmedia":[{"embeddable":true,"href":"https:\/\/www.bloe.com.br\/index.php\/wp-json\/wp\/v2\/media\/2708"}],"wp:attachment":[{"href":"https:\/\/www.bloe.com.br\/index.php\/wp-json\/wp\/v2\/media?parent=2706"}],"curies":[{"name":"wp","href":"https:\/\/api.w.org\/{rel}","templated":true}]}}