{"id":2686,"date":"2021-08-17T16:18:52","date_gmt":"2021-08-17T19:18:52","guid":{"rendered":"https:\/\/www.bloe.com.br\/?post_type=product&#038;p=2686"},"modified":"2025-10-24T07:02:28","modified_gmt":"2025-10-24T10:02:28","slug":"camiseta-pet-selagem-masculina","status":"publish","type":"product","link":"https:\/\/www.bloe.com.br\/index.php\/produto\/camiseta-pet-selagem-masculina\/","title":{"rendered":"Camiseta Pet Selagem Masculina"},"content":{"rendered":"<p>Camiseta em meia malha feita com 50% de algod\u00e3o e 50% de poli\u00e9ster produzido a partir de garrafas PET. A malha, al\u00e9m de ecol\u00f3gica, tem um toque ainda mais macio do que camisetas tradicionais feitas em 100% algod\u00e3o. Al\u00e9m disso, ela j\u00e1 vem pr\u00e9-encolhida pra voc\u00ea n\u00e3o ter problema! Possui detalhe de fita selada na gola, ou seja, \u00e9 feita sem costura. Al\u00e9m de mais tecnologia, a aus\u00eancia da costura significa mais conforto pra voc\u00ea!<\/p>\n","protected":false},"excerpt":{"rendered":"<p>Camiseta em meia malha feita com 50% de algod\u00e3o e 50% de poli\u00e9ster produzido a partir de garrafas PET.<\/p>\n","protected":false},"featured_media":2690,"comment_status":"open","ping_status":"closed","template":"","meta":{"spay_email":"","jetpack_publicize_message":"","jetpack_is_tweetstorm":false},"jetpack_publicize_connections":[],"_links":{"self":[{"href":"https:\/\/www.bloe.com.br\/index.php\/wp-json\/wp\/v2\/product\/2686"}],"collection":[{"href":"https:\/\/www.bloe.com.br\/index.php\/wp-json\/wp\/v2\/product"}],"about":[{"href":"https:\/\/www.bloe.com.br\/index.php\/wp-json\/wp\/v2\/types\/product"}],"replies":[{"embeddable":true,"href":"https:\/\/www.bloe.com.br\/index.php\/wp-json\/wp\/v2\/comments?post=2686"}],"wp:featuredmedia":[{"embeddable":true,"href":"https:\/\/www.bloe.com.br\/index.php\/wp-json\/wp\/v2\/media\/2690"}],"wp:attachment":[{"href":"https:\/\/www.bloe.com.br\/index.php\/wp-json\/wp\/v2\/media?parent=2686"}],"curies":[{"name":"wp","href":"https:\/\/api.w.org\/{rel}","templated":true}]}}