{"id":2527,"date":"2021-07-30T13:50:01","date_gmt":"2021-07-30T16:50:01","guid":{"rendered":"https:\/\/www.bloe.com.br\/?post_type=product&#038;p=2527"},"modified":"2024-01-29T09:39:59","modified_gmt":"2024-01-29T12:39:59","slug":"vestido-curto-chemise-liocel","status":"publish","type":"product","link":"https:\/\/www.bloe.com.br\/index.php\/produto\/vestido-curto-chemise-liocel\/","title":{"rendered":"Vestido Curto Chemise Liocel"},"content":{"rendered":"<p>Chemise midi com bolsos e fechamento em bot\u00f5es de corozo ( semente da palmeira). A modelagem solta facilita o ajuste a diferentes corpos. A fibra de liocel \u00e9 ecologicamente produzida a partir da celulose encontrada na madeira e possui alta taxa de absor\u00e7\u00e3o e evapora\u00e7\u00e3o da umidade. Por isso \u00e9 antibacteriano e respir\u00e1vel. Tem um processo de ciclo fechado, que ajuda na regula\u00e7\u00e3o dos n\u00edveis de CO2. \u00c9 naturalmente biodegrad\u00e1vel, seu cultivo n\u00e3o requer irriga\u00e7\u00e3o ou pesticidas e n\u00e3o produz subprodutos nocivos. Em compara\u00e7\u00e3o com outras fibras artificiais, ele usa menos \u00e1gua e energia.<\/p>\n","protected":false},"excerpt":{"rendered":"<p>Chemise midi com bolsos e fechamento em bot\u00f5es de corozo ( semente da palmeira). A modelagem solta facilita o ajuste a diferentes corpos.<\/p>\n","protected":false},"featured_media":2528,"comment_status":"open","ping_status":"closed","template":"","meta":{"spay_email":"","jetpack_publicize_message":"","jetpack_is_tweetstorm":false},"jetpack_publicize_connections":[],"_links":{"self":[{"href":"https:\/\/www.bloe.com.br\/index.php\/wp-json\/wp\/v2\/product\/2527"}],"collection":[{"href":"https:\/\/www.bloe.com.br\/index.php\/wp-json\/wp\/v2\/product"}],"about":[{"href":"https:\/\/www.bloe.com.br\/index.php\/wp-json\/wp\/v2\/types\/product"}],"replies":[{"embeddable":true,"href":"https:\/\/www.bloe.com.br\/index.php\/wp-json\/wp\/v2\/comments?post=2527"}],"wp:featuredmedia":[{"embeddable":true,"href":"https:\/\/www.bloe.com.br\/index.php\/wp-json\/wp\/v2\/media\/2528"}],"wp:attachment":[{"href":"https:\/\/www.bloe.com.br\/index.php\/wp-json\/wp\/v2\/media?parent=2527"}],"curies":[{"name":"wp","href":"https:\/\/api.w.org\/{rel}","templated":true}]}}