{"id":2518,"date":"2021-07-30T12:26:10","date_gmt":"2021-07-30T15:26:10","guid":{"rendered":"https:\/\/www.bloe.com.br\/?post_type=product&#038;p=2518"},"modified":"2025-11-03T10:52:45","modified_gmt":"2025-11-03T13:52:45","slug":"top-cropped-liocel-costas-elastex","status":"publish","type":"product","link":"https:\/\/www.bloe.com.br\/index.php\/produto\/top-cropped-liocel-costas-elastex\/","title":{"rendered":"Top Cropped Liocel Costas Elastex"},"content":{"rendered":"<p>Top cropped acinturado, com al\u00e7as grossas, decote princesa, detalhe de elastex nas costas, que garante um melhor caimento em v\u00e1rios tipos de corpos. Ideal para usar com saias, shorts ou cal\u00e7a de c\u00f3s alto. com detalhe de bot\u00f5es naturais de corozo (semente da palmeira). A fibra de liocel \u00e9 ecologicamente produzida a partir da celulose encontrada na madeira e possui alta taxa de absor\u00e7\u00e3o e evapora\u00e7\u00e3o da umidade. Por isso \u00e9 antibacteriano e respir\u00e1vel. Tem um processo de ciclo fechado, que ajuda na regula\u00e7\u00e3o dos n\u00edveis de CO2. \u00c9 naturalmente biodegrad\u00e1vel, seu cultivo n\u00e3o requer irriga\u00e7\u00e3o ou pesticidas e n\u00e3o produz subprodutos nocivos. Em compara\u00e7\u00e3o com outras fibras artificiais, ele usa menos \u00e1gua e energia.<\/p>\n","protected":false},"excerpt":{"rendered":"<p>Top cropped acinturado, com al\u00e7as grossas, decote princesa, detalhe de elastex nas costas, que garante um melhor caimento em v\u00e1rios tipos de corpos.<\/p>\n","protected":false},"featured_media":2521,"comment_status":"open","ping_status":"closed","template":"","meta":{"spay_email":"","jetpack_publicize_message":"","jetpack_is_tweetstorm":false},"jetpack_publicize_connections":[],"_links":{"self":[{"href":"https:\/\/www.bloe.com.br\/index.php\/wp-json\/wp\/v2\/product\/2518"}],"collection":[{"href":"https:\/\/www.bloe.com.br\/index.php\/wp-json\/wp\/v2\/product"}],"about":[{"href":"https:\/\/www.bloe.com.br\/index.php\/wp-json\/wp\/v2\/types\/product"}],"replies":[{"embeddable":true,"href":"https:\/\/www.bloe.com.br\/index.php\/wp-json\/wp\/v2\/comments?post=2518"}],"wp:featuredmedia":[{"embeddable":true,"href":"https:\/\/www.bloe.com.br\/index.php\/wp-json\/wp\/v2\/media\/2521"}],"wp:attachment":[{"href":"https:\/\/www.bloe.com.br\/index.php\/wp-json\/wp\/v2\/media?parent=2518"}],"curies":[{"name":"wp","href":"https:\/\/api.w.org\/{rel}","templated":true}]}}