{"id":2509,"date":"2021-07-30T12:07:18","date_gmt":"2021-07-30T15:07:18","guid":{"rendered":"https:\/\/www.bloe.com.br\/?post_type=product&#038;p=2509"},"modified":"2024-01-22T11:00:18","modified_gmt":"2024-01-22T14:00:18","slug":"shorts-mom-jeans-cintura-alta","status":"publish","type":"product","link":"https:\/\/www.bloe.com.br\/index.php\/produto\/shorts-mom-jeans-cintura-alta\/","title":{"rendered":"Shorts Mom Jeans Cintura Alta"},"content":{"rendered":"<p>Esse short \u00e9 curinga para ter no guarda-roupa. Com cintura alta, modelagem mais soltinha e el\u00e1stico na parte traseira do c\u00f3s, essa pe\u00e7a se encaixa em v\u00e1rios tipos de corpos. Feito com res\u00edduos de tecidos que n\u00e3o tinham mais utilidade para a grande ind\u00fastria e seriam descartados. O que poderia ter virado descarte virou uma pe\u00e7a nova. Etiquetas e tags feitos com reaproveitamento de retalhos da produ\u00e7\u00e3o.<\/p>\n","protected":false},"excerpt":{"rendered":"<p>Esse short \u00e9 curinga para ter no guarda-roupa. Com cintura alta, modelagem mais soltinha e el\u00e1stico na parte traseira do c\u00f3s, essa pe\u00e7a se encaixa em v\u00e1rios tipos de corpos.<\/p>\n","protected":false},"featured_media":2510,"comment_status":"open","ping_status":"closed","template":"","meta":{"spay_email":"","jetpack_publicize_message":"","jetpack_is_tweetstorm":false},"jetpack_publicize_connections":[],"_links":{"self":[{"href":"https:\/\/www.bloe.com.br\/index.php\/wp-json\/wp\/v2\/product\/2509"}],"collection":[{"href":"https:\/\/www.bloe.com.br\/index.php\/wp-json\/wp\/v2\/product"}],"about":[{"href":"https:\/\/www.bloe.com.br\/index.php\/wp-json\/wp\/v2\/types\/product"}],"replies":[{"embeddable":true,"href":"https:\/\/www.bloe.com.br\/index.php\/wp-json\/wp\/v2\/comments?post=2509"}],"wp:featuredmedia":[{"embeddable":true,"href":"https:\/\/www.bloe.com.br\/index.php\/wp-json\/wp\/v2\/media\/2510"}],"wp:attachment":[{"href":"https:\/\/www.bloe.com.br\/index.php\/wp-json\/wp\/v2\/media?parent=2509"}],"curies":[{"name":"wp","href":"https:\/\/api.w.org\/{rel}","templated":true}]}}