{"id":2489,"date":"2021-07-30T11:51:03","date_gmt":"2021-07-30T14:51:03","guid":{"rendered":"https:\/\/www.bloe.com.br\/?post_type=product&#038;p=2489"},"modified":"2025-09-10T07:51:55","modified_gmt":"2025-09-10T10:51:55","slug":"shorts-elastico-residuos-masculino","status":"publish","type":"product","link":"https:\/\/www.bloe.com.br\/index.php\/produto\/shorts-elastico-residuos-masculino\/","title":{"rendered":"Shorts El\u00e1stico Res\u00edduos Masculino"},"content":{"rendered":"<p>Nosso short com el\u00e1stico no c\u00f3s \u00e9 leve e super vers\u00e1til. \u00d3timo para quem busca conforto e atemporalidade. Feito com tecido de secagem r\u00e1pida, bolsos e aberturas laterais completam seu lindo design. Feito com res\u00edduos de tecidos que n\u00e3o tinham mais utilidade para a grande ind\u00fastria e seriam descartados. O que poderia ter virado descarte virou uma pe\u00e7a nova. Etiquetas e tags feitos com reaproveitamento de retalhos da produ\u00e7\u00e3o.<\/p>\n","protected":false},"excerpt":{"rendered":"<p>Nosso short com el\u00e1stico no c\u00f3s \u00e9 leve e super vers\u00e1til. \u00d3timo para quem busca conforto e atemporalidade.<\/p>\n","protected":false},"featured_media":5723,"comment_status":"open","ping_status":"closed","template":"","meta":{"spay_email":"","jetpack_publicize_message":"","jetpack_is_tweetstorm":false},"jetpack_publicize_connections":[],"_links":{"self":[{"href":"https:\/\/www.bloe.com.br\/index.php\/wp-json\/wp\/v2\/product\/2489"}],"collection":[{"href":"https:\/\/www.bloe.com.br\/index.php\/wp-json\/wp\/v2\/product"}],"about":[{"href":"https:\/\/www.bloe.com.br\/index.php\/wp-json\/wp\/v2\/types\/product"}],"replies":[{"embeddable":true,"href":"https:\/\/www.bloe.com.br\/index.php\/wp-json\/wp\/v2\/comments?post=2489"}],"wp:featuredmedia":[{"embeddable":true,"href":"https:\/\/www.bloe.com.br\/index.php\/wp-json\/wp\/v2\/media\/5723"}],"wp:attachment":[{"href":"https:\/\/www.bloe.com.br\/index.php\/wp-json\/wp\/v2\/media?parent=2489"}],"curies":[{"name":"wp","href":"https:\/\/api.w.org\/{rel}","templated":true}]}}