{"id":2445,"date":"2021-07-30T09:34:42","date_gmt":"2021-07-30T12:34:42","guid":{"rendered":"https:\/\/www.bloe.com.br\/?post_type=product&#038;p=2445"},"modified":"2024-01-22T09:53:35","modified_gmt":"2024-01-22T12:53:35","slug":"macaquinho-de-linho-bordado-revoar","status":"publish","type":"product","link":"https:\/\/www.bloe.com.br\/index.php\/produto\/macaquinho-de-linho-bordado-revoar\/","title":{"rendered":"Macaquinho de Linho Bordado Revoar"},"content":{"rendered":"<p>Macac\u00e3o curto de linho, com bordados de p\u00e1ssaros e bot\u00f5es naturais de ureia. Possui el\u00e1stico nas laterais do c\u00f3s para melhor encaixe em v\u00e1rios tipos de corpos. O tecido tem alta capacidade de absor\u00e7\u00e3o e \u00e9 confort\u00e1vel para uso em dias quentes. Etiquetas e tags feitos com reaproveitamento de retalhos da produ\u00e7\u00e3o. O tecido tem alta capacidade de absor\u00e7\u00e3o e \u00e9 confort\u00e1vel para uso em dias quentes. feito com 51% linho, 49% algod\u00e3o (Pima). Certificado pela EUROPEAN FLAX\u00ae, a produ\u00e7\u00e3o do linho respeita crit\u00e9rios de rastreabilidade e \u00e9 cultivado sem irriga\u00e7\u00e3o e sem organismos geneticamente modificados. A certifica\u00e7\u00e3o OEKO-TEX 100 atesta que o tecido \u00e9 livre de subst\u00e2ncias nocivas, pesticidas e n\u00e3o causa irrita\u00e7\u00e3o \u00e0 pele. A tinturaria e estamparia utilizam \u00e1gua de reuso, o que evita o consumo de \u00e1gua pot\u00e1vel.<\/p>\n","protected":false},"excerpt":{"rendered":"<p>Macac\u00e3o curto de linho, com bordados de p\u00e1ssaros e bot\u00f5es naturais de ureia. Possui el\u00e1stico nas laterais do c\u00f3s para melhor encaixe em v\u00e1rios tipos de corpos.<\/p>\n","protected":false},"featured_media":2447,"comment_status":"open","ping_status":"closed","template":"","meta":{"spay_email":"","jetpack_publicize_message":"","jetpack_is_tweetstorm":false},"jetpack_publicize_connections":[],"_links":{"self":[{"href":"https:\/\/www.bloe.com.br\/index.php\/wp-json\/wp\/v2\/product\/2445"}],"collection":[{"href":"https:\/\/www.bloe.com.br\/index.php\/wp-json\/wp\/v2\/product"}],"about":[{"href":"https:\/\/www.bloe.com.br\/index.php\/wp-json\/wp\/v2\/types\/product"}],"replies":[{"embeddable":true,"href":"https:\/\/www.bloe.com.br\/index.php\/wp-json\/wp\/v2\/comments?post=2445"}],"wp:featuredmedia":[{"embeddable":true,"href":"https:\/\/www.bloe.com.br\/index.php\/wp-json\/wp\/v2\/media\/2447"}],"wp:attachment":[{"href":"https:\/\/www.bloe.com.br\/index.php\/wp-json\/wp\/v2\/media?parent=2445"}],"curies":[{"name":"wp","href":"https:\/\/api.w.org\/{rel}","templated":true}]}}