{"id":2307,"date":"2021-07-27T15:17:18","date_gmt":"2021-07-27T18:17:18","guid":{"rendered":"https:\/\/www.bloe.com.br\/?post_type=product&#038;p=2307"},"modified":"2025-04-09T10:08:23","modified_gmt":"2025-04-09T13:08:23","slug":"camiseta-residuos-oversized-revoar-feminina","status":"publish","type":"product","link":"https:\/\/www.bloe.com.br\/index.php\/produto\/camiseta-residuos-oversized-revoar-feminina\/","title":{"rendered":"Camiseta Res\u00edduos Oversized Revoar Feminina"},"content":{"rendered":"<p>Elaborada em malha de algod\u00e3o, a blusa tem gola redonda e mangas curtas. Conta com modelagem Oversized, onde o tamanho da pe\u00e7a \u00e9 maior. O tecido usado \u00e9 uma malha penteada, com toque macio.<br \/>\nO tingimento \u00e9 feito sem o uso de subst\u00e2ncias nocivas \u00e0 sa\u00fade em f\u00e1bricas certificadas com o OEKO-TEX 100. A malha ainda conta com o selo PETA VEGAN, que atesta que nenhuma de nossas mat\u00e9rias-primas \u00e9 de origem animal.<\/p>\n","protected":false},"excerpt":{"rendered":"<p>Elaborada em malha de algod\u00e3o, a blusa tem gola redonda e mangas curtas. Conta com modelagem Oversized, onde o tamanho da pe\u00e7a \u00e9 maior.<\/p>\n","protected":false},"featured_media":2308,"comment_status":"open","ping_status":"closed","template":"","meta":{"spay_email":"","jetpack_publicize_message":"","jetpack_is_tweetstorm":false},"jetpack_publicize_connections":[],"_links":{"self":[{"href":"https:\/\/www.bloe.com.br\/index.php\/wp-json\/wp\/v2\/product\/2307"}],"collection":[{"href":"https:\/\/www.bloe.com.br\/index.php\/wp-json\/wp\/v2\/product"}],"about":[{"href":"https:\/\/www.bloe.com.br\/index.php\/wp-json\/wp\/v2\/types\/product"}],"replies":[{"embeddable":true,"href":"https:\/\/www.bloe.com.br\/index.php\/wp-json\/wp\/v2\/comments?post=2307"}],"wp:featuredmedia":[{"embeddable":true,"href":"https:\/\/www.bloe.com.br\/index.php\/wp-json\/wp\/v2\/media\/2308"}],"wp:attachment":[{"href":"https:\/\/www.bloe.com.br\/index.php\/wp-json\/wp\/v2\/media?parent=2307"}],"curies":[{"name":"wp","href":"https:\/\/api.w.org\/{rel}","templated":true}]}}