{"id":2291,"date":"2021-07-27T14:48:35","date_gmt":"2021-07-27T17:48:35","guid":{"rendered":"https:\/\/www.bloe.com.br\/?post_type=product&#038;p=2291"},"modified":"2023-01-04T15:04:45","modified_gmt":"2023-01-04T18:04:45","slug":"camiseta-pet-estampa-alvorada-feminina","status":"publish","type":"product","link":"https:\/\/www.bloe.com.br\/index.php\/produto\/camiseta-pet-estampa-alvorada-feminina\/","title":{"rendered":"Camiseta Pet Estampa Alvorada Feminina"},"content":{"rendered":"<p>Camiseta com detalhe de estampa \u201calvorada\u201d feita por sublima\u00e7\u00e3o. Modelagem mais solta que pode combinar tanto por fora como por dentro da cal\u00e7a. feito com 50% de algod\u00e3o e 50% de poli\u00e9ster. A meia malha \u00e9 feita com 50% de algod\u00e3o e 50% de poli\u00e9ster produzido a partir de garrafas PET. A malha, al\u00e9m de ecol\u00f3gica, tem um toque ainda mais macio do que camisetas tradicionais feitas em 100% algod\u00e3o. Estima-se que a cada camiseta, certa de duas garrafas s\u00e3o reaproveitadas. A malha ainda conta com o selo PETA VEGAN, que atesta que nenhuma de nossas mat\u00e9rias-primas \u00e9 de origem animal.<\/p>\n","protected":false},"excerpt":{"rendered":"<p>Camiseta com detalhe de estampa \u201calvorada\u201d feita por sublima\u00e7\u00e3o. Modelagem mais solta que pode combinar tanto por fora como por dentro da cal\u00e7a.<\/p>\n","protected":false},"featured_media":2293,"comment_status":"open","ping_status":"closed","template":"","meta":{"spay_email":"","jetpack_publicize_message":"","jetpack_is_tweetstorm":false},"jetpack_publicize_connections":[],"_links":{"self":[{"href":"https:\/\/www.bloe.com.br\/index.php\/wp-json\/wp\/v2\/product\/2291"}],"collection":[{"href":"https:\/\/www.bloe.com.br\/index.php\/wp-json\/wp\/v2\/product"}],"about":[{"href":"https:\/\/www.bloe.com.br\/index.php\/wp-json\/wp\/v2\/types\/product"}],"replies":[{"embeddable":true,"href":"https:\/\/www.bloe.com.br\/index.php\/wp-json\/wp\/v2\/comments?post=2291"}],"wp:featuredmedia":[{"embeddable":true,"href":"https:\/\/www.bloe.com.br\/index.php\/wp-json\/wp\/v2\/media\/2293"}],"wp:attachment":[{"href":"https:\/\/www.bloe.com.br\/index.php\/wp-json\/wp\/v2\/media?parent=2291"}],"curies":[{"name":"wp","href":"https:\/\/api.w.org\/{rel}","templated":true}]}}