{"id":2231,"date":"2021-07-24T20:04:38","date_gmt":"2021-07-24T23:04:38","guid":{"rendered":"https:\/\/www.bloe.com.br\/?post_type=product&#038;p=2231"},"modified":"2024-08-04T20:30:40","modified_gmt":"2024-08-04T23:30:40","slug":"camiseta-de-algodao-organico-estampa-botanica-masculina","status":"publish","type":"product","link":"https:\/\/www.bloe.com.br\/index.php\/produto\/camiseta-de-algodao-organico-estampa-botanica-masculina\/","title":{"rendered":"Camiseta de Algod\u00e3o Org\u00e2nico Estampa Bot\u00e2nica Masculina"},"content":{"rendered":"<p>Camiseta de manga curta b\u00e1sica masculina, com estampa \u201cbot\u00e2nica\u201d em silk na parte da frente. Etiquetas e tags feitos com reaproveitamento de retalhos da produ\u00e7\u00e3o.<br \/>\nComposi\u00e7\u00e3o: feito com 100% CO org\u00e2nico. O algod\u00e3o org\u00e2nico \u00e9 produzido com base nos princ\u00edpios da agricultura org\u00e2nica, que tende a ser melhor do que a convencional, pois n\u00e3o utiliza agrot\u00f3xicos e pesticidas, al\u00e9m de consumir menos \u00e1gua do que a cultura de algod\u00e3o convencional. Seu modelo de produ\u00e7\u00e3o pressup\u00f5e uma rela\u00e7\u00e3o mais justa entre os trabalhadores. Para se manter no caminho ecol\u00f3gico, o tingimento \u00e9 feito sem o uso de subst\u00e2ncias nocivas \u00e0 sa\u00fade em f\u00e1bricas certificadas com o OEKO-TEX 100. A malha ainda conta com o selo PETA VEGAN, que atesta que nenhuma de nossas mat\u00e9rias-primas \u00e9 de origem animal.<\/p>\n","protected":false},"excerpt":{"rendered":"<p>Camiseta de manga curta b\u00e1sica masculina, com estampa \u201cbot\u00e2nica\u201d em silk na parte da frente.<\/p>\n","protected":false},"featured_media":2233,"comment_status":"open","ping_status":"closed","template":"","meta":{"spay_email":"","jetpack_publicize_message":"","jetpack_is_tweetstorm":false},"jetpack_publicize_connections":[],"_links":{"self":[{"href":"https:\/\/www.bloe.com.br\/index.php\/wp-json\/wp\/v2\/product\/2231"}],"collection":[{"href":"https:\/\/www.bloe.com.br\/index.php\/wp-json\/wp\/v2\/product"}],"about":[{"href":"https:\/\/www.bloe.com.br\/index.php\/wp-json\/wp\/v2\/types\/product"}],"replies":[{"embeddable":true,"href":"https:\/\/www.bloe.com.br\/index.php\/wp-json\/wp\/v2\/comments?post=2231"}],"wp:featuredmedia":[{"embeddable":true,"href":"https:\/\/www.bloe.com.br\/index.php\/wp-json\/wp\/v2\/media\/2233"}],"wp:attachment":[{"href":"https:\/\/www.bloe.com.br\/index.php\/wp-json\/wp\/v2\/media?parent=2231"}],"curies":[{"name":"wp","href":"https:\/\/api.w.org\/{rel}","templated":true}]}}