{"id":2205,"date":"2021-07-24T17:54:51","date_gmt":"2021-07-24T20:54:51","guid":{"rendered":"https:\/\/www.bloe.com.br\/?post_type=product&#038;p=2205"},"modified":"2025-07-14T17:15:39","modified_gmt":"2025-07-14T20:15:39","slug":"calca-pantalona-liocel-feminina","status":"publish","type":"product","link":"https:\/\/www.bloe.com.br\/index.php\/produto\/calca-pantalona-liocel-feminina\/","title":{"rendered":"Cal\u00e7a Pantalona Liocel Feminina"},"content":{"rendered":"<p>Modelagem pantalona que alonga o corpo, c\u00f3s com el\u00e1stico largo e bolsos nas laterais. O visual \u00e9 de alfaiataria, mas \u00e9 feito com uma malha confort\u00e1vel. Pensada para vestir bem em diferentes corpos e ocasi\u00f5es. Etiquetas e tags feitos com reaproveitamento de retalhos da produ\u00e7\u00e3o. A fibra de liocel \u00e9 ecologicamente produzida a partir da celulose encontrada na madeira e possui alta taxa de absor\u00e7\u00e3o e evapora\u00e7\u00e3o da umidade. Por isso \u00e9 antibacteriano e respir\u00e1vel. Tem um processo de ciclo fechado, que ajuda na regula\u00e7\u00e3o dos n\u00edveis de CO2. \u00c9 naturalmente biodegrad\u00e1vel, seu cultivo n\u00e3o requer irriga\u00e7\u00e3o ou pesticidas e n\u00e3o produz subprodutos nocivos. Em compara\u00e7\u00e3o com outras fibras artificiais, ele usa menos \u00e1gua e energia.<\/p>\n","protected":false},"excerpt":{"rendered":"<p>Modelagem pantalona que alonga o corpo, c\u00f3s com el\u00e1stico largo e bolsos nas laterais. O visual \u00e9 de alfaiataria, mas \u00e9 feito com uma malha confort\u00e1vel.<\/p>\n","protected":false},"featured_media":5721,"comment_status":"open","ping_status":"closed","template":"","meta":{"spay_email":"","jetpack_publicize_message":"","jetpack_is_tweetstorm":false},"jetpack_publicize_connections":[],"_links":{"self":[{"href":"https:\/\/www.bloe.com.br\/index.php\/wp-json\/wp\/v2\/product\/2205"}],"collection":[{"href":"https:\/\/www.bloe.com.br\/index.php\/wp-json\/wp\/v2\/product"}],"about":[{"href":"https:\/\/www.bloe.com.br\/index.php\/wp-json\/wp\/v2\/types\/product"}],"replies":[{"embeddable":true,"href":"https:\/\/www.bloe.com.br\/index.php\/wp-json\/wp\/v2\/comments?post=2205"}],"wp:featuredmedia":[{"embeddable":true,"href":"https:\/\/www.bloe.com.br\/index.php\/wp-json\/wp\/v2\/media\/5721"}],"wp:attachment":[{"href":"https:\/\/www.bloe.com.br\/index.php\/wp-json\/wp\/v2\/media?parent=2205"}],"curies":[{"name":"wp","href":"https:\/\/api.w.org\/{rel}","templated":true}]}}