{"id":2195,"date":"2021-07-24T07:43:39","date_gmt":"2021-07-24T10:43:39","guid":{"rendered":"https:\/\/www.bloe.com.br\/?post_type=product&#038;p=2195"},"modified":"2025-10-22T14:20:31","modified_gmt":"2025-10-22T17:20:31","slug":"calca-jeans-skinny-feminina","status":"publish","type":"product","link":"https:\/\/www.bloe.com.br\/index.php\/produto\/calca-jeans-skinny-feminina\/","title":{"rendered":"Cal\u00e7a Jeans Skinny Feminina"},"content":{"rendered":"<p>Cal\u00e7a jeans com modelagem mais certinha no corpo, possui cintura alta e tecido com \u00f3tima elasticidade. Feito com res\u00edduos de tecidos que n\u00e3o tinham mais utilidade para a grande ind\u00fastria e seriam descartados. O que poderia ter virado descarte virou uma pe\u00e7a nova. Etiquetas e tags feitos com reaproveitamento de retalhos da produ\u00e7\u00e3o. Fecho com bot\u00e3o natural de corozo (semente da palmeira).<\/p>\n","protected":false},"excerpt":{"rendered":"<p>Cal\u00e7a jeans com modelagem mais certinha no corpo, possui cintura alta e tecido com \u00f3tima elasticidade.<\/p>\n","protected":false},"featured_media":2198,"comment_status":"open","ping_status":"closed","template":"","meta":{"spay_email":"","jetpack_publicize_message":"","jetpack_is_tweetstorm":false},"jetpack_publicize_connections":[],"_links":{"self":[{"href":"https:\/\/www.bloe.com.br\/index.php\/wp-json\/wp\/v2\/product\/2195"}],"collection":[{"href":"https:\/\/www.bloe.com.br\/index.php\/wp-json\/wp\/v2\/product"}],"about":[{"href":"https:\/\/www.bloe.com.br\/index.php\/wp-json\/wp\/v2\/types\/product"}],"replies":[{"embeddable":true,"href":"https:\/\/www.bloe.com.br\/index.php\/wp-json\/wp\/v2\/comments?post=2195"}],"wp:featuredmedia":[{"embeddable":true,"href":"https:\/\/www.bloe.com.br\/index.php\/wp-json\/wp\/v2\/media\/2198"}],"wp:attachment":[{"href":"https:\/\/www.bloe.com.br\/index.php\/wp-json\/wp\/v2\/media?parent=2195"}],"curies":[{"name":"wp","href":"https:\/\/api.w.org\/{rel}","templated":true}]}}