{"id":1769,"date":"2021-07-21T16:44:25","date_gmt":"2021-07-21T19:44:25","guid":{"rendered":"https:\/\/www.bloe.com.br\/?post_type=product&#038;p=1769"},"modified":"2024-01-29T09:39:59","modified_gmt":"2024-01-29T12:39:59","slug":"camisa-residuos-manga-curta-masculina","status":"publish","type":"product","link":"https:\/\/www.bloe.com.br\/index.php\/produto\/camisa-residuos-manga-curta-masculina\/","title":{"rendered":"Camisa Res\u00edduos Manga Curta Masculina"},"content":{"rendered":"<p>Camisa manga curta masculina com detalhe bordado. Modelagem de alfaiataria em pegada casual. Feito com res\u00edduos de tecidos que n\u00e3o tinham mais utilidade para a grande ind\u00fastria e seriam descartados. O que poderia ter virado descarte virou uma pe\u00e7a nova. Etiquetas e tags feitos com reaproveitamento de retalhos da produ\u00e7\u00e3o.<\/p>\n","protected":false},"excerpt":{"rendered":"<p>Camisa manga curta masculina com detalhe bordado. Modelagem de alfaiataria em pegada casual.<\/p>\n","protected":false},"featured_media":1781,"comment_status":"open","ping_status":"closed","template":"","meta":{"spay_email":"","jetpack_publicize_message":"","jetpack_is_tweetstorm":false},"jetpack_publicize_connections":[],"_links":{"self":[{"href":"https:\/\/www.bloe.com.br\/index.php\/wp-json\/wp\/v2\/product\/1769"}],"collection":[{"href":"https:\/\/www.bloe.com.br\/index.php\/wp-json\/wp\/v2\/product"}],"about":[{"href":"https:\/\/www.bloe.com.br\/index.php\/wp-json\/wp\/v2\/types\/product"}],"replies":[{"embeddable":true,"href":"https:\/\/www.bloe.com.br\/index.php\/wp-json\/wp\/v2\/comments?post=1769"}],"wp:featuredmedia":[{"embeddable":true,"href":"https:\/\/www.bloe.com.br\/index.php\/wp-json\/wp\/v2\/media\/1781"}],"wp:attachment":[{"href":"https:\/\/www.bloe.com.br\/index.php\/wp-json\/wp\/v2\/media?parent=1769"}],"curies":[{"name":"wp","href":"https:\/\/api.w.org\/{rel}","templated":true}]}}