{"id":1700,"date":"2021-07-21T12:04:34","date_gmt":"2021-07-21T15:04:34","guid":{"rendered":"https:\/\/www.bloe.com.br\/?post_type=product&#038;p=1700"},"modified":"2026-02-09T15:45:38","modified_gmt":"2026-02-09T18:45:38","slug":"bermuda-chino-residuos-masculina","status":"publish","type":"product","link":"https:\/\/www.bloe.com.br\/index.php\/produto\/bermuda-chino-residuos-masculina\/","title":{"rendered":"Bermuda Chino Res\u00edduos Masculina"},"content":{"rendered":"<p>Nossa bermuda chino cl\u00e1ssica \u00e9 feita em sarja bem nobre, com 98% de algod\u00e3o e com 2% de elastano. O suficiente pra garantir mais conforto e flexibilidade de movimentos. Seja pra voc\u00ea que passa muito tempo sentado, como pra voc\u00ea que \u00e9 o vulgo &#8220;pau pra toda obra&#8221; (tipo carrega caminh\u00e3o at\u00e9), esse &#8220;trisco&#8221; de elastano pode fazer toda a diferen\u00e7a. Feito com res\u00edduos de tecidos que n\u00e3o tinham mais utilidade para a grande ind\u00fastria e seriam descartados. O que poderia ter virado descarte virou uma pe\u00e7a nova. Etiquetas e tags feitos com reaproveitamento de retalhos da produ\u00e7\u00e3o.<\/p>\n","protected":false},"excerpt":{"rendered":"<p>Nossa bermuda chino cl\u00e1ssica \u00e9 feita em sarja bem nobre, com 98% de algod\u00e3o e com 2% de elastano.<\/p>\n","protected":false},"featured_media":1730,"comment_status":"open","ping_status":"closed","template":"","meta":{"spay_email":"","jetpack_publicize_message":"","jetpack_is_tweetstorm":false},"jetpack_publicize_connections":[],"_links":{"self":[{"href":"https:\/\/www.bloe.com.br\/index.php\/wp-json\/wp\/v2\/product\/1700"}],"collection":[{"href":"https:\/\/www.bloe.com.br\/index.php\/wp-json\/wp\/v2\/product"}],"about":[{"href":"https:\/\/www.bloe.com.br\/index.php\/wp-json\/wp\/v2\/types\/product"}],"replies":[{"embeddable":true,"href":"https:\/\/www.bloe.com.br\/index.php\/wp-json\/wp\/v2\/comments?post=1700"}],"wp:featuredmedia":[{"embeddable":true,"href":"https:\/\/www.bloe.com.br\/index.php\/wp-json\/wp\/v2\/media\/1730"}],"wp:attachment":[{"href":"https:\/\/www.bloe.com.br\/index.php\/wp-json\/wp\/v2\/media?parent=1700"}],"curies":[{"name":"wp","href":"https:\/\/api.w.org\/{rel}","templated":true}]}}