{"id":1668,"date":"2021-07-21T11:36:28","date_gmt":"2021-07-21T14:36:28","guid":{"rendered":"https:\/\/www.bloe.com.br\/?post_type=product&#038;p=1668"},"modified":"2025-09-29T12:20:42","modified_gmt":"2025-09-29T15:20:42","slug":"blusa-basica-manga-longa-modal-feminina","status":"publish","type":"product","link":"https:\/\/www.bloe.com.br\/index.php\/produto\/blusa-basica-manga-longa-modal-feminina\/","title":{"rendered":"Blusa Basica Manga Longa Modal Feminina"},"content":{"rendered":"<p>Blusa feita em malha leve, com 91% de modal e 9% de elastano. A modelagem com mangas longas \u00e9 mais soltinha e com a parte traseira um pouco mais comprida. A pe\u00e7a \u00e9 vers\u00e1til, servindo tanto para um look mais arrumadinho, como para um mais despojado. A fibra de modal \u00e9 livre de subst\u00e2ncias nocivas, pesticidas e n\u00e3o causa irrita\u00e7\u00e3o da pele. Ela \u00e9 ecologicamente produzida a partir da celulose encontrada na madeira e possui alta taxa de absor\u00e7\u00e3o (absorve 50% a mais que o algod\u00e3o) e evapora\u00e7\u00e3o da umidade. Gra\u00e7as a isso, \u00e9 uma malha que mant\u00e9m uma sensa\u00e7\u00e3o de frescor no calor e, por outro lado, tamb\u00e9m consegue manter aquecido no frio. Tem um toque ultra macio e \u00e9 muit\u00edssimo confort\u00e1vel.<\/p>\n","protected":false},"excerpt":{"rendered":"<p>Blusa feita em malha leve, com 91% de modal e 9% de elastano.<\/p>\n","protected":false},"featured_media":1671,"comment_status":"open","ping_status":"closed","template":"","meta":{"spay_email":"","jetpack_publicize_message":"","jetpack_is_tweetstorm":false},"jetpack_publicize_connections":[],"_links":{"self":[{"href":"https:\/\/www.bloe.com.br\/index.php\/wp-json\/wp\/v2\/product\/1668"}],"collection":[{"href":"https:\/\/www.bloe.com.br\/index.php\/wp-json\/wp\/v2\/product"}],"about":[{"href":"https:\/\/www.bloe.com.br\/index.php\/wp-json\/wp\/v2\/types\/product"}],"replies":[{"embeddable":true,"href":"https:\/\/www.bloe.com.br\/index.php\/wp-json\/wp\/v2\/comments?post=1668"}],"wp:featuredmedia":[{"embeddable":true,"href":"https:\/\/www.bloe.com.br\/index.php\/wp-json\/wp\/v2\/media\/1671"}],"wp:attachment":[{"href":"https:\/\/www.bloe.com.br\/index.php\/wp-json\/wp\/v2\/media?parent=1668"}],"curies":[{"name":"wp","href":"https:\/\/api.w.org\/{rel}","templated":true}]}}