{"id":1634,"date":"2021-07-20T14:10:50","date_gmt":"2021-07-20T17:10:50","guid":{"rendered":"https:\/\/www.bloe.com.br\/?post_type=product&#038;p=1634"},"modified":"2025-11-03T10:56:33","modified_gmt":"2025-11-03T13:56:33","slug":"cardigan-longo-de-tricot-feminino","status":"publish","type":"product","link":"https:\/\/www.bloe.com.br\/index.php\/produto\/cardigan-longo-de-tricot-feminino\/","title":{"rendered":"Cardigan Longo de Tricot Feminino"},"content":{"rendered":"<p>Cardigan alongado em tricot, super vers\u00e1til e confort\u00e1vel. Pe\u00e7a usada como sobreposi\u00e7\u00e3o de looks, ideal para aproveitar dias mais fresquinhos. A fibra de modal \u00e9 livre de subst\u00e2ncias nocivas, pesticidas e n\u00e3o causa irrita\u00e7\u00e3o da pele. Ela \u00e9 ecologicamente produzida a partir da celulose encontrada na madeira e possui alta taxa de absor\u00e7\u00e3o (absorve 50% a mais que o algod\u00e3o) e evapora\u00e7\u00e3o da umidade. Etiquetas e tags feitos com reaproveitamento de retalhos da produ\u00e7\u00e3o. Composi\u00e7\u00e3o: 100% modal<\/p>\n","protected":false},"excerpt":{"rendered":"<p>Cardigan alongado em tricot, super vers\u00e1til e confort\u00e1vel. Pe\u00e7a usada como sobreposi\u00e7\u00e3o de looks, ideal para aproveitar dias mais fresquinhos.<\/p>\n","protected":false},"featured_media":1649,"comment_status":"open","ping_status":"closed","template":"","meta":{"spay_email":"","jetpack_publicize_message":"","jetpack_is_tweetstorm":false},"jetpack_publicize_connections":[],"_links":{"self":[{"href":"https:\/\/www.bloe.com.br\/index.php\/wp-json\/wp\/v2\/product\/1634"}],"collection":[{"href":"https:\/\/www.bloe.com.br\/index.php\/wp-json\/wp\/v2\/product"}],"about":[{"href":"https:\/\/www.bloe.com.br\/index.php\/wp-json\/wp\/v2\/types\/product"}],"replies":[{"embeddable":true,"href":"https:\/\/www.bloe.com.br\/index.php\/wp-json\/wp\/v2\/comments?post=1634"}],"wp:featuredmedia":[{"embeddable":true,"href":"https:\/\/www.bloe.com.br\/index.php\/wp-json\/wp\/v2\/media\/1649"}],"wp:attachment":[{"href":"https:\/\/www.bloe.com.br\/index.php\/wp-json\/wp\/v2\/media?parent=1634"}],"curies":[{"name":"wp","href":"https:\/\/api.w.org\/{rel}","templated":true}]}}