{"id":1621,"date":"2021-07-20T11:43:06","date_gmt":"2021-07-20T14:43:06","guid":{"rendered":"https:\/\/www.bloe.com.br\/?post_type=product&#038;p=1621"},"modified":"2025-09-29T12:17:35","modified_gmt":"2025-09-29T15:17:35","slug":"jaqueta-recortes-com-bolso-unissex","status":"publish","type":"product","link":"https:\/\/www.bloe.com.br\/index.php\/produto\/jaqueta-recortes-com-bolso-unissex\/","title":{"rendered":"Jaqueta Recortes com Bolso Unissex"},"content":{"rendered":"<p>Jaqueta unissex com recortes geom\u00e9tricos e cores neutras, super confort\u00e1vel e vers\u00e1til para o dia a dia. Possui bolsos laterais e el\u00e1stico na barra e punho. Feita com res\u00edduos de tecidos que n\u00e3o tinham mais utilidade para a grande ind\u00fastria e seriam descartados. O que poderia ter virado descarte virou uma pe\u00e7a nova. Etiquetas e tags feitos com reaproveitamento de retalhos da produ\u00e7\u00e3o. Composi\u00e7\u00e3o: 65% algod\u00e3o e 35% poliamida<\/p>\n","protected":false},"excerpt":{"rendered":"<p>Jaqueta unissex com recortes geom\u00e9tricos e cores neutras, super confort\u00e1vel e vers\u00e1til para o dia a dia.<\/p>\n","protected":false},"featured_media":1631,"comment_status":"open","ping_status":"closed","template":"","meta":{"spay_email":"","jetpack_publicize_message":"","jetpack_is_tweetstorm":false},"jetpack_publicize_connections":[],"_links":{"self":[{"href":"https:\/\/www.bloe.com.br\/index.php\/wp-json\/wp\/v2\/product\/1621"}],"collection":[{"href":"https:\/\/www.bloe.com.br\/index.php\/wp-json\/wp\/v2\/product"}],"about":[{"href":"https:\/\/www.bloe.com.br\/index.php\/wp-json\/wp\/v2\/types\/product"}],"replies":[{"embeddable":true,"href":"https:\/\/www.bloe.com.br\/index.php\/wp-json\/wp\/v2\/comments?post=1621"}],"wp:featuredmedia":[{"embeddable":true,"href":"https:\/\/www.bloe.com.br\/index.php\/wp-json\/wp\/v2\/media\/1631"}],"wp:attachment":[{"href":"https:\/\/www.bloe.com.br\/index.php\/wp-json\/wp\/v2\/media?parent=1621"}],"curies":[{"name":"wp","href":"https:\/\/api.w.org\/{rel}","templated":true}]}}