{"id":1542,"date":"2021-07-19T15:24:40","date_gmt":"2021-07-19T18:24:40","guid":{"rendered":"https:\/\/www.bloe.com.br\/?post_type=product&#038;p=1542"},"modified":"2025-09-29T12:16:12","modified_gmt":"2025-09-29T15:16:12","slug":"parka-unissex","status":"publish","type":"product","link":"https:\/\/www.bloe.com.br\/index.php\/produto\/parka-unissex\/","title":{"rendered":"Parka Unissex"},"content":{"rendered":"<p>Parka unissex em tecido plano, com gola m\u00e9dia, fechamento com z\u00edper e capuz. Os bolsos frontais adicionam um ar utilit\u00e1rio que \u00e9 moderno e cheio de estilo. Pe\u00e7a super vers\u00e1til e \u00f3tima para ter no seu guarda roupa c\u00e1psula. Feita com res\u00edduos de tecidos que n\u00e3o tinham mais utilidade para a grande ind\u00fastria e seriam descartados. O que poderia ter virado descarte virou uma pe\u00e7a nova. Etiquetas e tags feitos com reaproveitamento de retalhos da produ\u00e7\u00e3o. Composi\u00e7\u00e3o: 65% algod\u00e3o e 35% poliamida<\/p>\n","protected":false},"excerpt":{"rendered":"<p>Parka unissex em tecido plano, com gola m\u00e9dia, fechamento com z\u00edper e capuz. Os bolsos frontais adicionam um ar utilit\u00e1rio que \u00e9 moderno e cheio de estilo.<\/p>\n","protected":false},"featured_media":1543,"comment_status":"open","ping_status":"closed","template":"","meta":{"spay_email":"","jetpack_publicize_message":"","jetpack_is_tweetstorm":false},"jetpack_publicize_connections":[],"_links":{"self":[{"href":"https:\/\/www.bloe.com.br\/index.php\/wp-json\/wp\/v2\/product\/1542"}],"collection":[{"href":"https:\/\/www.bloe.com.br\/index.php\/wp-json\/wp\/v2\/product"}],"about":[{"href":"https:\/\/www.bloe.com.br\/index.php\/wp-json\/wp\/v2\/types\/product"}],"replies":[{"embeddable":true,"href":"https:\/\/www.bloe.com.br\/index.php\/wp-json\/wp\/v2\/comments?post=1542"}],"wp:featuredmedia":[{"embeddable":true,"href":"https:\/\/www.bloe.com.br\/index.php\/wp-json\/wp\/v2\/media\/1543"}],"wp:attachment":[{"href":"https:\/\/www.bloe.com.br\/index.php\/wp-json\/wp\/v2\/media?parent=1542"}],"curies":[{"name":"wp","href":"https:\/\/api.w.org\/{rel}","templated":true}]}}