{"id":1483,"date":"2021-07-19T13:33:24","date_gmt":"2021-07-19T16:33:24","guid":{"rendered":"https:\/\/www.bloe.com.br\/?post_type=product&#038;p=1483"},"modified":"2022-11-10T14:07:21","modified_gmt":"2022-11-10T17:07:21","slug":"blusa-manga-longa-tricot-masculina","status":"publish","type":"product","link":"https:\/\/www.bloe.com.br\/index.php\/produto\/blusa-manga-longa-tricot-masculina\/","title":{"rendered":"Blusa Manga Longa Tricot Masculina"},"content":{"rendered":"<p>Su\u00e9ter masculino em tricot, com caimento leve e quentinho para os dias amenos. Esse modelo pode ser usado como pe\u00e7a \u00fanica, j\u00e1 para dias mais frios vale at\u00e9 uma sobreposi\u00e7\u00e3o com outras pe\u00e7as por cima. A fibra de modal \u00e9 livre de subst\u00e2ncias nocivas, pesticidas e n\u00e3o causa irrita\u00e7\u00e3o da pele. Ela \u00e9 ecologicamente produzida a partir da celulose encontrada na madeira e possui alta taxa de absor\u00e7\u00e3o (absorve 50% a mais que o algod\u00e3o) e evapora\u00e7\u00e3o da umidade. Etiquetas e tags feitos com reaproveitamento de retalhos da produ\u00e7\u00e3o. Composi\u00e7\u00e3o: 100% modal<\/p>\n","protected":false},"excerpt":{"rendered":"<p>Su\u00e9ter masculino em tricot, com caimento leve e quentinho para os dias amenos.<\/p>\n","protected":false},"featured_media":1532,"comment_status":"open","ping_status":"closed","template":"","meta":{"spay_email":"","jetpack_publicize_message":"","jetpack_is_tweetstorm":false},"jetpack_publicize_connections":[],"_links":{"self":[{"href":"https:\/\/www.bloe.com.br\/index.php\/wp-json\/wp\/v2\/product\/1483"}],"collection":[{"href":"https:\/\/www.bloe.com.br\/index.php\/wp-json\/wp\/v2\/product"}],"about":[{"href":"https:\/\/www.bloe.com.br\/index.php\/wp-json\/wp\/v2\/types\/product"}],"replies":[{"embeddable":true,"href":"https:\/\/www.bloe.com.br\/index.php\/wp-json\/wp\/v2\/comments?post=1483"}],"wp:featuredmedia":[{"embeddable":true,"href":"https:\/\/www.bloe.com.br\/index.php\/wp-json\/wp\/v2\/media\/1532"}],"wp:attachment":[{"href":"https:\/\/www.bloe.com.br\/index.php\/wp-json\/wp\/v2\/media?parent=1483"}],"curies":[{"name":"wp","href":"https:\/\/api.w.org\/{rel}","templated":true}]}}