{"id":1460,"date":"2021-07-15T15:02:32","date_gmt":"2021-07-15T18:02:32","guid":{"rendered":"https:\/\/www.bloe.com.br\/?post_type=product&#038;p=1460"},"modified":"2024-06-19T12:54:54","modified_gmt":"2024-06-19T15:54:54","slug":"vestido-t-shirt-de-algodao-organico-com-bolsos","status":"publish","type":"product","link":"https:\/\/www.bloe.com.br\/index.php\/produto\/vestido-t-shirt-de-algodao-organico-com-bolsos\/","title":{"rendered":"Vestido T-Shirt de Algod\u00e3o Org\u00e2nico com Bolsos"},"content":{"rendered":"<p>Vestido de malha com bolsos. Modelagem ampla, adapt\u00e1vel a diferentes corpos. Etiquetas e tags feitos com reaproveitamento de retalhos da produ\u00e7\u00e3o.<br \/>\nComposi\u00e7\u00e3o: feito com 100%CO org\u00e2nico.<br \/>\nO algod\u00e3o org\u00e2nico \u00e9 produzido com base nos princ\u00edpios da agricultura org\u00e2nica, que tende a ser melhor do que a convencional, pois n\u00e3o utiliza agrot\u00f3xicos e pesticidas, al\u00e9m de consumir menos \u00e1gua do que a cultura de algod\u00e3o convencional. Seu modelo de produ\u00e7\u00e3o pressup\u00f5e uma rela\u00e7\u00e3o mais justa entre os trabalhadores. Para se manter no caminho ecol\u00f3gico, o tingimento \u00e9 feito sem o uso de subst\u00e2ncias nocivas \u00e0 sa\u00fade em f\u00e1bricas certificadas com o OEKO-TEX 100.<\/p>\n","protected":false},"excerpt":{"rendered":"<p>Vestido de malha com bolsos. Modelagem ampla, adapt\u00e1vel a diferentes corpos. Etiquetas e tags feitos com reaproveitamento de retalhos da produ\u00e7\u00e3o.<br \/>\nComposi\u00e7\u00e3o: feito com 100%CO org\u00e2nico.<\/p>\n","protected":false},"featured_media":1469,"comment_status":"open","ping_status":"closed","template":"","meta":{"spay_email":"","jetpack_publicize_message":"","jetpack_is_tweetstorm":false},"jetpack_publicize_connections":[],"_links":{"self":[{"href":"https:\/\/www.bloe.com.br\/index.php\/wp-json\/wp\/v2\/product\/1460"}],"collection":[{"href":"https:\/\/www.bloe.com.br\/index.php\/wp-json\/wp\/v2\/product"}],"about":[{"href":"https:\/\/www.bloe.com.br\/index.php\/wp-json\/wp\/v2\/types\/product"}],"replies":[{"embeddable":true,"href":"https:\/\/www.bloe.com.br\/index.php\/wp-json\/wp\/v2\/comments?post=1460"}],"wp:featuredmedia":[{"embeddable":true,"href":"https:\/\/www.bloe.com.br\/index.php\/wp-json\/wp\/v2\/media\/1469"}],"wp:attachment":[{"href":"https:\/\/www.bloe.com.br\/index.php\/wp-json\/wp\/v2\/media?parent=1460"}],"curies":[{"name":"wp","href":"https:\/\/api.w.org\/{rel}","templated":true}]}}