{"id":981,"date":"2018-07-20T13:04:10","date_gmt":"2018-07-20T13:04:10","guid":{"rendered":"http:\/\/spab-rice.com\/wordpress\/kona\/demo\/?page_id=3"},"modified":"2022-01-05T23:14:45","modified_gmt":"2022-01-06T02:14:45","slug":"politica-de-privacidade","status":"publish","type":"page","link":"https:\/\/www.bloe.com.br\/index.php\/politica-de-privacidade\/","title":{"rendered":"Pol\u00edtica de privacidade"},"content":{"rendered":"<div class=\"wrapper-small\"><div  class=\"column-section clearfix spaced-normal  col-align-top no-anim\"><div  class=\"column one-full last-col  col1 no-anim\" >\n<p style=\"text-align: left;\">A sua privacidade \u00e9 importante para n\u00f3s. \u00c9 pol\u00edtica da bloe respeitar a sua privacidade em<br \/>\nrela\u00e7\u00e3o a qualquer informa\u00e7\u00e3o sua que possamos coletar no site bloe, e outros sites que<br \/>\npossu\u00edmos e operamos.<\/p>\n<p style=\"text-align: left;\">\nSolicitamos informa\u00e7\u00f5es pessoais apenas quando realmente precisamos delas para lhe<br \/>\nfornecer um servi\u00e7o. Fazemo-lo por meios justos e legais, com o seu conhecimento e<br \/>\nconsentimento. Tamb\u00e9m informamos por que estamos coletando e como ser\u00e1 usado.<\/p>\n<p style=\"text-align: left;\">\nApenas retemos as informa\u00e7\u00f5es coletadas pelo tempo necess\u00e1rio para fornecer o servi\u00e7o<br \/>\nsolicitado. Quando armazenamos dados, protegemos dentro de meios comercialmente<br \/>\naceit\u00e1veis \u200b\u200bpara evitar perdas e roubos, bem como acesso, divulga\u00e7\u00e3o, c\u00f3pia, uso ou<br \/>\nmodifica\u00e7\u00e3o n\u00e3o autorizados.<\/p>\n<p style=\"text-align: left;\">\nN\u00e3o compartilhamos informa\u00e7\u00f5es de identifica\u00e7\u00e3o pessoal publicamente ou com terceiros,<br \/>\nexceto quando exigido por lei.<\/p>\n<p style=\"text-align: left;\">\nO nosso site pode ter links para sites externos que n\u00e3o s\u00e3o operados por n\u00f3s. Esteja ciente de<br \/>\nque n\u00e3o temos controle sobre o conte\u00fado e pr\u00e1ticas desses sites e n\u00e3o podemos aceitar<br \/>\nresponsabilidade por suas respectivas pol\u00edticas de privacidade.<\/p>\n<p style=\"text-align: left;\">\nVoc\u00ea \u00e9 livre para recusar a nossa solicita\u00e7\u00e3o de informa\u00e7\u00f5es pessoais, entendendo que talvez<br \/>\nn\u00e3o possamos fornecer alguns dos servi\u00e7os desejados.<\/p>\n<p style=\"text-align: left;\">\nO uso continuado de nosso site ser\u00e1 considerado como aceita\u00e7\u00e3o de nossas pr\u00e1ticas em torno<br \/>\nde privacidade e informa\u00e7\u00f5es pessoais. Se voc\u00ea tiver alguma d\u00favida sobre como lidamos com<br \/>\ndados do usu\u00e1rio e informa\u00e7\u00f5es pessoais, entre em contacto conosco.<\/p>\n<p style=\"text-align: left;\"><strong>Pol\u00edtica de Cookies<\/strong><\/p>\n<p style=\"text-align: left;\">\n<strong>O que s\u00e3o cookies?<br \/>\n<\/strong>Como \u00e9 pr\u00e1tica comum em quase todos os sites profissionais, este site usa cookies, que s\u00e3o<br \/>\npequenos arquivos baixados no seu computador, para melhorar sua experi\u00eancia. Esta p\u00e1gina<br \/>\ndescreve quais informa\u00e7\u00f5es eles coletam, como as usamos e por que \u00e0s vezes precisamos<br \/>\narmazenar esses cookies. Tamb\u00e9m compartilharemos como voc\u00ea pode impedir que esses<br \/>\ncookies sejam armazenados, no entanto, isso pode fazer o downgrade ou \u201cquebrar\u201d certos<br \/>\nelementos da funcionalidade do site.<\/p>\n<p style=\"text-align: left;\">\n<strong>Como usamos os cookies?<\/strong><br \/>\nUtilizamos cookies por v\u00e1rios motivos, detalhados abaixo. Infelizmente, na maioria dos casos,<br \/>\nn\u00e3o existem op\u00e7\u00f5es padr\u00e3o do setor para desativar os cookies sem desativar completamente a<br \/>\nfuncionalidade e os recursos que eles adicionam a este site. \u00c9 recomend\u00e1vel que voc\u00ea deixe<br \/>\ntodos os cookies se n\u00e3o tiver certeza se precisa ou n\u00e3o deles, caso sejam usados \u200b\u200bpara fornecer<br \/>\num servi\u00e7o que voc\u00ea usa.<\/p>\n<p style=\"text-align: left;\">\n<strong>Desativar cookies<\/strong><br \/>\nVoc\u00ea pode impedir a configura\u00e7\u00e3o de cookies ajustando as configura\u00e7\u00f5es do seu navegador<br \/>\n(consulte a Ajuda do navegador para saber como fazer isso). Esteja ciente de que a desativa\u00e7\u00e3o de cookies afetar\u00e1 a funcionalidade deste e de muitos outros sites que voc\u00ea visita. A<br \/>\ndesativa\u00e7\u00e3o de cookies geralmente resultar\u00e1 na desativa\u00e7\u00e3o de determinadas funcionalidades<br \/>\ne recursos deste site. Portanto, \u00e9 recomend\u00e1vel que voc\u00ea n\u00e3o desative os cookies.<\/p>\n<p style=\"text-align: left;\"><strong>Cookies que definimos<\/strong><\/p>\n<p style=\"text-align: left;\"><strong>Cookies relacionados \u00e0 conta<\/strong><br \/>\nSe voc\u00ea criar uma conta conosco, usaremos cookies para o gerenciamento do processo de<br \/>\ninscri\u00e7\u00e3o e administra\u00e7\u00e3o geral. Esses cookies geralmente ser\u00e3o exclu\u00eddos quando voc\u00ea sair do<br \/>\nsistema, por\u00e9m, em alguns casos, eles poder\u00e3o permanecer posteriormente para lembrar as<br \/>\nprefer\u00eancias do seu site ao sair.<\/p>\n<p style=\"text-align: left;\"><strong>Cookies relacionados ao login<\/strong><br \/>\nUtilizamos cookies quando voc\u00ea est\u00e1 logado, para que possamos lembrar dessa a\u00e7\u00e3o. Isso evita<br \/>\nque voc\u00ea precise fazer login sempre que visitar uma nova p\u00e1gina. Esses cookies s\u00e3o<br \/>\nnormalmente removidos ou limpos quando voc\u00ea efetua logout para garantir que voc\u00ea possa<br \/>\nacessar apenas a recursos e \u00e1reas restritas ao efetuar login.<\/p>\n<p style=\"text-align: left;\">\n<strong>Cookies relacionados a boletins por e-mail<\/strong><br \/>\nEste site oferece servi\u00e7os de assinatura de boletim informativo ou e-mail e os cookies podem<br \/>\nser usados \u200b\u200bpara lembrar se voc\u00ea j\u00e1 est\u00e1 registrado e se deve mostrar determinadas<br \/>\nnotifica\u00e7\u00f5es v\u00e1lidas apenas para usu\u00e1rios inscritos \/ n\u00e3o inscritos.<\/p>\n<p style=\"text-align: left;\"><strong>Pedidos processando cookies relacionados<\/strong><br \/>\nEste site oferece facilidades de com\u00e9rcio eletr\u00f4nico ou pagamento e alguns cookies s\u00e3o<br \/>\nessenciais para garantir que seu pedido seja lembrado entre as p\u00e1ginas, para que possamos<br \/>\nprocess\u00e1-lo adequadamente.<\/p>\n<p style=\"text-align: left;\">\n<strong>Cookies relacionados a pesquisas<\/strong><br \/>\nPeriodicamente, oferecemos pesquisas e question\u00e1rios para fornecer informa\u00e7\u00f5es<br \/>\ninteressantes, ferramentas \u00fateis ou para entender nossa base de usu\u00e1rios com mais precis\u00e3o.<br \/>\nEssas pesquisas podem usar cookies para lembrar quem j\u00e1 participou numa pesquisa ou para<br \/>\nfornecer resultados precisos ap\u00f3s a altera\u00e7\u00e3o das p\u00e1ginas.<\/p>\n<p style=\"text-align: left;\">\n<strong>Cookies relacionados a formul\u00e1rios<\/strong><br \/>\nQuando voc\u00ea envia dados por meio de um formul\u00e1rio como os encontrados nas p\u00e1ginas de<br \/>\ncontacto ou nos formul\u00e1rios de coment\u00e1rios, os cookies podem ser configurados para lembrar<br \/>\nos detalhes do usu\u00e1rio para correspond\u00eancia futura.<\/p>\n<p style=\"text-align: left;\">\n<strong>Cookies de prefer\u00eancias do site<\/strong><br \/>\nPara proporcionar uma \u00f3tima experi\u00eancia neste site, fornecemos a funcionalidade para definir<br \/>\nsuas prefer\u00eancias de como esse site \u00e9 executado quando voc\u00ea o usa. Para lembrar suas<br \/>\nprefer\u00eancias, precisamos definir cookies para que essas informa\u00e7\u00f5es possam ser chamadas<br \/>\nsempre que voc\u00ea interagir com uma p\u00e1gina for afetada por suas prefer\u00eancias.<\/p>\n<p style=\"text-align: left;\"><strong>Cookies de Terceiros<\/strong><br \/>\nEm alguns casos especiais, tamb\u00e9m usamos cookies fornecidos por terceiros confi\u00e1veis. A<br \/>\nse\u00e7\u00e3o a seguir detalha quais cookies de terceiros voc\u00ea pode encontrar atrav\u00e9s deste site.<\/p>\n<p style=\"text-align: left;\">Este site usa o Google Analytics, que \u00e9 uma das solu\u00e7\u00f5es de an\u00e1lise mais difundidas e<br \/>\nconfi\u00e1veis \u200b\u200bda Web, para nos ajudar a entender como voc\u00ea usa o site e como podemos<br \/>\nmelhorar sua experi\u00eancia. Esses cookies podem rastrear itens como quanto tempo voc\u00ea gasta<br \/>\nno site e as p\u00e1ginas visitadas, para que possamos continuar produzindo conte\u00fado atraente.<\/p>\n<p style=\"text-align: left;\">Para mais informa\u00e7\u00f5es sobre cookies do Google Analytics, consulte a p\u00e1gina oficial do Google<br \/>\nAnalytics.<\/p>\n<p style=\"text-align: left;\">As an\u00e1lises de terceiros s\u00e3o usadas para rastrear e medir o uso deste site, para que possamos<br \/>\ncontinuar produzindo conte\u00fado atrativo. Esses cookies podem rastrear itens como o tempo<br \/>\nque voc\u00ea passa no site ou as p\u00e1ginas visitadas, o que nos ajuda a entender como podemos<br \/>\nmelhorar o site para voc\u00ea.<\/p>\n<p style=\"text-align: left;\">Periodicamente, testamos novos recursos e fazemos altera\u00e7\u00f5es subtis na maneira como o site<br \/>\nse apresenta. Quando ainda estamos testando novos recursos, esses cookies podem ser<br \/>\nusados \u200b\u200bpara garantir que voc\u00ea receba uma experi\u00eancia consistente enquanto estiver no site,<br \/>\nenquanto entendemos quais otimiza\u00e7\u00f5es os nossos usu\u00e1rios mais apreciam.<\/p>\n<p style=\"text-align: left;\">\u00c0 medida que vendemos produtos, \u00e9 importante entendermos as estat\u00edsticas sobre quantos<br \/>\nvisitantes de nosso site realmente compram e, portanto, esse \u00e9 o tipo de dados que esses<br \/>\ncookies rastrear\u00e3o. Isso \u00e9 importante para voc\u00ea, pois significa que podemos fazer previs\u00f5es de<br \/>\nneg\u00f3cios com precis\u00e3o que nos permitem analisar nossos custos de publicidade e produtos<br \/>\npara garantir o melhor pre\u00e7o poss\u00edvel.<\/p>\n<p style=\"text-align: left;\"><strong>Compromisso do Usu\u00e1rio<\/strong><br \/>\nO usu\u00e1rio se compromete a fazer uso adequado dos conte\u00fados e da informa\u00e7\u00e3o que a bloe<br \/>\noferece no site e com car\u00e1ter enunciativo, mas n\u00e3o limitativo:<\/p>\n<p style=\"text-align: left;\"><strong>A)<\/strong> N\u00e3o se envolver em atividades que sejam ilegais ou contr\u00e1rias \u00e0 boa f\u00e9 a \u00e0 ordem p\u00fablica;<\/p>\n<p style=\"text-align: left;\"><strong>B)<\/strong> N\u00e3o difundir propaganda ou conte\u00fado de natureza racista, xenof\u00f3bica, ou apostas online<br \/>\n(ex.: Betano), jogos de sorte e azar, qualquer tipo de pornografia ilegal, de apologia ao<br \/>\nterrorismo ou contra os direitos humanos;<\/p>\n<p style=\"text-align: left;\"><strong>C)<\/strong> N\u00e3o causar danos aos sistemas f\u00edsicos (hardwares) e l\u00f3gicos (softwares) da bloe, de seus<br \/>\nfornecedores ou terceiros, para introduzir ou disseminar v\u00edrus inform\u00e1ticos ou quaisquer<br \/>\noutros sistemas de hardware ou software que sejam capazes de causar danos anteriormente<br \/>\nmencionados.<\/p>\n<p style=\"text-align: left;\"><strong>Mais informa\u00e7\u00f5es<\/strong><br \/>\nEsperemos que esteja esclarecido e, como mencionado anteriormente, se houver algo que<br \/>\nvoc\u00ea n\u00e3o tem certeza se precisa ou n\u00e3o, geralmente \u00e9 mais seguro deixar os cookies ativados,<br \/>\ncaso interaja com um dos recursos que voc\u00ea usa em nosso site.<\/p>\n<\/div><\/div><\/div><div class=\"spacer spacer-big \"><\/div>\n","protected":false},"excerpt":{"rendered":"","protected":false},"author":1,"featured_media":0,"parent":0,"menu_order":0,"comment_status":"closed","ping_status":"open","template":"","meta":{"spay_email":""},"_links":{"self":[{"href":"https:\/\/www.bloe.com.br\/index.php\/wp-json\/wp\/v2\/pages\/981"}],"collection":[{"href":"https:\/\/www.bloe.com.br\/index.php\/wp-json\/wp\/v2\/pages"}],"about":[{"href":"https:\/\/www.bloe.com.br\/index.php\/wp-json\/wp\/v2\/types\/page"}],"author":[{"embeddable":true,"href":"https:\/\/www.bloe.com.br\/index.php\/wp-json\/wp\/v2\/users\/1"}],"replies":[{"embeddable":true,"href":"https:\/\/www.bloe.com.br\/index.php\/wp-json\/wp\/v2\/comments?post=981"}],"version-history":[{"count":5,"href":"https:\/\/www.bloe.com.br\/index.php\/wp-json\/wp\/v2\/pages\/981\/revisions"}],"predecessor-version":[{"id":5210,"href":"https:\/\/www.bloe.com.br\/index.php\/wp-json\/wp\/v2\/pages\/981\/revisions\/5210"}],"wp:attachment":[{"href":"https:\/\/www.bloe.com.br\/index.php\/wp-json\/wp\/v2\/media?parent=981"}],"curies":[{"name":"wp","href":"https:\/\/api.w.org\/{rel}","templated":true}]}}