{"id":869,"date":"2018-10-19T09:08:37","date_gmt":"2018-10-19T12:08:37","guid":{"rendered":"http:\/\/spab-rice.com\/wordpress\/kona\/demo\/?page_id=869"},"modified":"2021-08-02T17:28:26","modified_gmt":"2021-08-02T20:28:26","slug":"sobre","status":"publish","type":"page","link":"https:\/\/www.bloe.com.br\/index.php\/sobre\/","title":{"rendered":"Sobre"},"content":{"rendered":"<div class=\"wrapper\"><div  class=\"column-section clearfix spaced-big universo col-align-top no-anim\"><div  class=\"column two-third   hasbg col1 banneruniverso no-anim\" style=\"\">\n<p><img loading=\"lazy\" class=\"aligncenter wp-image-2361 size-full\" src=\"https:\/\/www.bloe.com.br\/wp-content\/uploads\/2021\/07\/banneruniversobloe.png\" alt=\"\" width=\"792\" height=\"550\" srcset=\"https:\/\/www.bloe.com.br\/wp-content\/uploads\/2021\/07\/banneruniversobloe.png 690w, https:\/\/www.bloe.com.br\/wp-content\/uploads\/2021\/07\/banneruniversobloe-300x208.png 300w, https:\/\/www.bloe.com.br\/wp-content\/uploads\/2021\/07\/banneruniversobloe-160x111.png 160w, https:\/\/www.bloe.com.br\/wp-content\/uploads\/2021\/07\/banneruniversobloe-220x153.png 220w, https:\/\/www.bloe.com.br\/wp-content\/uploads\/2021\/07\/banneruniversobloe-640x444.png 640w, https:\/\/www.bloe.com.br\/wp-content\/uploads\/2021\/07\/banneruniversobloe-600x417.png 600w\" sizes=\"(max-width: 792px) 100vw, 792px\" \/><\/p>\n<\/div><div  class=\"column one-third last-col  hasbg col2 bannertextouniverso no-anim\" style=\"\">\n<p>A parceria entre o consumidor consciente e a moda respons\u00e1vel \u00e9 o que inspira toda cria\u00e7\u00e3o da Bloe. Acreditamos no potencial transformador de nosso neg\u00f3cio e tamb\u00e9m em um novo conceito de sucesso. Nosso entendimento de \u201clucro\u201d vai al\u00e9m das quest\u00f5es financeiras. Sucesso na Bloe n\u00e3o \u00e9 apenas fazer roupa bonita, vender bem e ganhar dinheiro.<br \/>\nSucesso pra gente \u00e9: (a) fazer moda de qualidade; (b) fazer moda correta, ou seja, a partir de um processo que respeita quem trabalha e tamb\u00e9m quem compra; (c) fazer moda limpa; preservando ao m\u00e1ximo nosso ambiente e estimulando o consumo de qualidade acima do consumo de quantidade.<\/p>\n<\/div><\/div><\/div><div class=\"spacer spacer-big \"><\/div><div class=\"wrapper-medium\"><div  class=\"column-section clearfix spaced-normal universobloe col-align-top no-anim\"><div  class=\"column one-full last-col  col3 no-anim\" >\n<h3>Universo Bloe<\/h3>\n<\/div><\/div><\/div><div class=\"spacer spacer-small \"><\/div><div class=\"wrapper-medium\"><div  class=\"column-section clearfix spaced-big universobloe col-align-top no-anim\"><div  class=\"column one-full last-col  col4 no-anim\" ><div class=\"team-member no-anim\"><div class=\"team-pic \"><img class=\"lazy\" src=\"data:image\/gif;base64,R0lGODlhAQABAIAAAP\/\/\/wAAACH5BAEAAAAALAAAAAABAAEAAAICRAEAOw==\" data-src=\"https:\/\/www.bloe.com.br\/wp-content\/uploads\/2021\/07\/consumoconscienteuniversobloe.png\" width=\"219\" height=\"303\" alt=\"CONSUMO CONSCIENTE\"\/><\/div><div class=\"team-infos\"><h4 class=\"team-name h4 align-left\">CONSUMO CONSCIENTE<\/h4>\n<p>As pe\u00e7as Bloe s\u00e3o especialmente pensadas para pessoas que valorizam o consumo consciente. Seguindo a tend\u00eancia do Slow Fashion, n\u00f3s buscamos criar um design b\u00e1sico e atemporal, para pessoas menos interessadas em parecer e mais preocupadas em ser.<\/p>\n<\/div><\/div><img class=\"lazy\" src=\"data:image\/gif;base64,R0lGODlhAQABAIAAAP\/\/\/wAAACH5BAEAAAAALAAAAAABAAEAAAICRAEAOw==\" alt=\"divisoruniversobloe\" data-src=\"https:\/\/www.bloe.com.br\/wp-content\/uploads\/2021\/08\/divisoruniversobloe.png\" width=\"1650\" height=\"5\"><div class=\"team-member no-anim\"><div class=\"team-pic \"><img class=\"lazy\" src=\"data:image\/gif;base64,R0lGODlhAQABAIAAAP\/\/\/wAAACH5BAEAAAAALAAAAAABAAEAAAICRAEAOw==\" data-src=\"https:\/\/www.bloe.com.br\/wp-content\/uploads\/2021\/07\/preocupacaoambientaluniversobloe.png\" width=\"217\" height=\"313\" alt=\"PREOCUPA\u00c7\u00c3O AMBIENTAL\"\/><\/div><div class=\"team-infos\"><h4 class=\"team-name h4 align-left\">PREOCUPA\u00c7\u00c3O AMBIENTAL<\/h4>\n<p>E \u00e9 claro que a gente n\u00e3o poderia deixar de se preocupar com as quest\u00f5es ambientais. Estamos atentos a todas as etapas da produ\u00e7\u00e3o pra tentar reduzir ao m\u00e1ximo o desperd\u00edcio e direcionar os res\u00edduos da melhor forma.<\/p>\n<\/div><\/div><img class=\"lazy\" src=\"data:image\/gif;base64,R0lGODlhAQABAIAAAP\/\/\/wAAACH5BAEAAAAALAAAAAABAAEAAAICRAEAOw==\" alt=\"divisoruniversobloe\" data-src=\"https:\/\/www.bloe.com.br\/wp-content\/uploads\/2021\/08\/divisoruniversobloe.png\" width=\"1650\" height=\"5\"><div class=\"team-member no-anim\"><div class=\"team-pic \"><img class=\"lazy\" src=\"data:image\/gif;base64,R0lGODlhAQABAIAAAP\/\/\/wAAACH5BAEAAAAALAAAAAABAAEAAAICRAEAOw==\" data-src=\"https:\/\/www.bloe.com.br\/wp-content\/uploads\/2021\/07\/comerciojustouniversobloe.png\" width=\"232\" height=\"303\" alt=\"COM\u00c9RCIO JUSTO\"\/><\/div><div class=\"team-infos\"><h4 class=\"team-name h4 align-left\">COM\u00c9RCIO JUSTO<\/h4>\n<p>Temos muito orgulho em realizar todas as etapas da nossa produ\u00e7\u00e3o e de fazer tudo no Brasil. Nossa cadeia \u00e9 vistoriada pelos principais \u00f3rg\u00e3os de auditoria, o que garante que os produtos s\u00e3o feitos dentro de padr\u00f5es \u00e9ticos de trabalho. E porque isso importa?<\/p>\n<\/div><\/div><\/div><\/div><\/div><div class=\"spacer spacer-big \"><\/div><div class=\"spacer spacer-big \"><\/div><div class=\"wrapper-medium\"><div  class=\"column-section clearfix spaced-normal universobloe col-align-top no-anim\"><div  class=\"column one-full last-col  col5 no-anim\" >\n<h3 style=\"text-align: left;\">Nossa F\u00f3rmula<\/h3>\n<div class=\"spacer spacer-small \"><\/div><\/div><\/div><\/div><div class=\"wrapper-medium\"><div  class=\"column-section clearfix spaced-normal formulas col-align-top no-anim\"><div  class=\"column one-half   col6 no-anim\" ><div class=\"team-member no-anim\"><div class=\"team-pic \"><img class=\"lazy\" src=\"data:image\/gif;base64,R0lGODlhAQABAIAAAP\/\/\/wAAACH5BAEAAAAALAAAAAABAAEAAAICRAEAOw==\" data-src=\"https:\/\/www.bloe.com.br\/wp-content\/uploads\/2021\/07\/iconealgodooorganico.png\" width=\"540\" height=\"646\" alt=\"ALGOD\u00c3O ORG\u00c2NICO\"\/><\/div><div class=\"team-infos\"><h4 class=\"team-name h6 align-left\">ALGOD\u00c3O ORG\u00c2NICO<\/h4>\n<p>Os princ\u00edpios da agricultura org\u00e2nica n\u00e3o<br \/>\nusam agrot\u00f3xico e pesticidas, diminuindo<br \/>\ndanos ao solo, ambiente e pessoas.<\/p>\n<\/div><\/div><div class=\"team-member no-anim\"><div class=\"team-pic \"><img class=\"lazy\" src=\"data:image\/gif;base64,R0lGODlhAQABAIAAAP\/\/\/wAAACH5BAEAAAAALAAAAAABAAEAAAICRAEAOw==\" data-src=\"https:\/\/www.bloe.com.br\/wp-content\/uploads\/2021\/07\/co2universobloe.png\" width=\"210\" height=\"239\" alt=\"CO2 CONTROL\"\/><\/div><div class=\"team-infos\"><h4 class=\"team-name h6 align-left\">CO2 CONTROL<\/h4>\n<p>O modal e o liocel sao feitos a partir da<br \/>\nmadeira, contribuindo para redu\u00e7\u00e3o do<br \/>\nCO2 na atmosfera<\/p>\n<\/div><\/div><div class=\"team-member no-anim\"><div class=\"team-pic \"><img class=\"lazy\" src=\"data:image\/gif;base64,R0lGODlhAQABAIAAAP\/\/\/wAAACH5BAEAAAAALAAAAAABAAEAAAICRAEAOw==\" data-src=\"https:\/\/www.bloe.com.br\/wp-content\/uploads\/2021\/07\/poliamidauniversobloe.png\" width=\"166\" height=\"239\" alt=\"POLIAMIDA BIODEGRAD\u00c1VEL\"\/><\/div><div class=\"team-infos\"><h4 class=\"team-name h6 align-left\">POLIAMIDA BIODEGRAD\u00c1VEL<\/h4>\n<p>Com essa vers\u00e3o, o tempo de<br \/>\ndecomposi\u00e7\u00e3o cai de 50 para<br \/>\n3 anos apenas.<\/p>\n<\/div><\/div><\/div><div  class=\"column one-half last-col  col7 no-anim\" ><div class=\"team-member no-anim\"><div class=\"team-pic \"><img class=\"lazy\" src=\"data:image\/gif;base64,R0lGODlhAQABAIAAAP\/\/\/wAAACH5BAEAAAAALAAAAAABAAEAAAICRAEAOw==\" data-src=\"https:\/\/www.bloe.com.br\/wp-content\/uploads\/2021\/07\/recicladouniversobloe.png\" width=\"251\" height=\"242\" alt=\"RECICLADOS\"\/><\/div><div class=\"team-infos\"><h4 class=\"team-name h6 align-left\">RECICLADOS<\/h4>\n<p>Tecidos feitos com materiais descartados.<br \/>\nSobras t\u00eaxteis viram novos tecidos \u201cdesfibrados\u201d<br \/>\ne garrafas pet viram poli\u00e9ster reciclado<\/p>\n<\/div><\/div><div class=\"team-member no-anim\"><div class=\"team-pic \"><img class=\"lazy\" src=\"data:image\/gif;base64,R0lGODlhAQABAIAAAP\/\/\/wAAACH5BAEAAAAALAAAAAABAAEAAAICRAEAOw==\" data-src=\"https:\/\/www.bloe.com.br\/wp-content\/uploads\/2021\/07\/linhouniversobloe.png\" width=\"75\" height=\"252\" alt=\"LINHO\"\/><\/div><div class=\"team-infos\"><h4 class=\"team-name h6 align-left\">LINHO<\/h4>\n<p>Tecido natural e org\u00e2nico feito<br \/>\na partir de uma planta sem adi\u00e7\u00e3o<br \/>\nde sint\u00e9ticos<\/p>\n<\/div><\/div><div class=\"team-member no-anim\"><div class=\"team-pic \"><img class=\"lazy\" src=\"data:image\/gif;base64,R0lGODlhAQABAIAAAP\/\/\/wAAACH5BAEAAAAALAAAAAABAAEAAAICRAEAOw==\" data-src=\"https:\/\/www.bloe.com.br\/wp-content\/uploads\/2021\/07\/iconeresiduosbloe.png\" width=\"171\" height=\"162\" alt=\"REUTILIZA\u00c7\u00c3O\"\/><\/div><div class=\"team-infos\"><h4 class=\"team-name h6 align-left\">REUTILIZA\u00c7\u00c3O<\/h4>\n<p>Nessas pe\u00e7as reutilizamos tecidos que<br \/>\nseriam descartados em grande escala.<br \/>\nLixo que vira moda<\/p>\n<\/div><\/div><\/div><\/div><\/div><div class=\"spacer spacer-medium \"><\/div><div class=\"wrapper\"><div  class=\"column-section clearfix spaced-normal  col-align-top no-anim\"><div  class=\"column one-full last-col  col8 no-anim\" ><\/div><\/div><\/div>\n","protected":false},"excerpt":{"rendered":"","protected":false},"author":1,"featured_media":0,"parent":0,"menu_order":0,"comment_status":"closed","ping_status":"closed","template":"","meta":{"spay_email":""},"_links":{"self":[{"href":"https:\/\/www.bloe.com.br\/index.php\/wp-json\/wp\/v2\/pages\/869"}],"collection":[{"href":"https:\/\/www.bloe.com.br\/index.php\/wp-json\/wp\/v2\/pages"}],"about":[{"href":"https:\/\/www.bloe.com.br\/index.php\/wp-json\/wp\/v2\/types\/page"}],"author":[{"embeddable":true,"href":"https:\/\/www.bloe.com.br\/index.php\/wp-json\/wp\/v2\/users\/1"}],"replies":[{"embeddable":true,"href":"https:\/\/www.bloe.com.br\/index.php\/wp-json\/wp\/v2\/comments?post=869"}],"version-history":[{"count":44,"href":"https:\/\/www.bloe.com.br\/index.php\/wp-json\/wp\/v2\/pages\/869\/revisions"}],"predecessor-version":[{"id":2660,"href":"https:\/\/www.bloe.com.br\/index.php\/wp-json\/wp\/v2\/pages\/869\/revisions\/2660"}],"wp:attachment":[{"href":"https:\/\/www.bloe.com.br\/index.php\/wp-json\/wp\/v2\/media?parent=869"}],"curies":[{"name":"wp","href":"https:\/\/api.w.org\/{rel}","templated":true}]}}