{"id":265,"date":"2018-08-28T13:32:55","date_gmt":"2018-08-28T13:32:55","guid":{"rendered":"http:\/\/spab-rice.com\/wordpress\/kona\/demo\/?page_id=265"},"modified":"2022-01-05T23:17:30","modified_gmt":"2022-01-06T02:17:30","slug":"termos-de-uso","status":"publish","type":"page","link":"https:\/\/www.bloe.com.br\/index.php\/termos-de-uso\/","title":{"rendered":"Termos de uso"},"content":{"rendered":"<div class=\"wrapper-small\"><div  class=\"column-section clearfix spaced-normal  col-align-top no-anim\"><div  class=\"column one-full last-col  col1 no-anim\" >\n<p style=\"text-align: left;\"><strong>1. Termos<\/strong><br \/>\nAo acessar ao site bloe, concorda em cumprir estes termos de servi\u00e7o e ser respons\u00e1vel por<br \/>\ntodas as leis e regulamentos aplic\u00e1veis. Se voc\u00ea n\u00e3o concordar com algum desses termos, est\u00e1<br \/>\nproibido de usar ou acessar este site. Os materiais contidos neste site s\u00e3o protegidos pelas leis<br \/>\nde direitos autorais e marcas comerciais aplic\u00e1veis.<\/p>\n<p style=\"text-align: left;\"><strong>2. Uso de Licen\u00e7a<\/strong><br \/>\n\u00c9 concedida permiss\u00e3o para baixar temporariamente uma c\u00f3pia dos materiais (informa\u00e7\u00f5es ou<br \/>\nsoftware) no site bloe, apenas para visualiza\u00e7\u00e3o transit\u00f3ria pessoal e n\u00e3o comercial. Esta \u00e9 a<br \/>\nconcess\u00e3o de uma licen\u00e7a, n\u00e3o uma transfer\u00eancia de t\u00edtulo e, sob esta licen\u00e7a, voc\u00ea n\u00e3o pode:<\/p>\n<p style=\"text-align: left;\">&#8211; Modificar ou copiar os materiais;<\/p>\n<p style=\"text-align: left;\">&#8211; Usar os materiais para qualquer finalidade comercial ou para exibi\u00e7\u00e3o p\u00fablica (comercial ou<br \/>\nn\u00e3o comercial);<\/p>\n<p style=\"text-align: left;\">&#8211; Tentar descompilar ou fazer engenharia reversa de qualquer software contido no site bloe;<\/p>\n<p style=\"text-align: left;\">&#8211; Remover quaisquer direitos autorais ou outras nota\u00e7\u00f5es de propriedade dos materiais;<\/p>\n<p style=\"text-align: left;\">&#8211; Transferir os materiais para outra pessoa ou \u201cespelhar\u201d os materiais em qualquer outro<br \/>\nservidor.<\/p>\n<p style=\"text-align: left;\">Esta licen\u00e7a ser\u00e1 automaticamente rescindida se voc\u00ea violar alguma dessas restri\u00e7\u00f5es e poder\u00e1<br \/>\nser rescindida pela bloe a qualquer momento. Ao encerrar a visualiza\u00e7\u00e3o desses materiais ou<br \/>\nap\u00f3s o t\u00e9rmino desta licen\u00e7a, voc\u00ea deve apagar todos os materiais baixados em sua posse, seja<br \/>\nem formato eletr\u00f4nico ou impresso.<\/p>\n<p style=\"text-align: left;\"><strong>3. Isen\u00e7\u00e3o de responsabilidade<\/strong><br \/>\nOs materiais no site da bloe s\u00e3o fornecidos \u201ccomo est\u00e3o\u201d. A bloe n\u00e3o oferece garantias,<br \/>\nexpressas ou impl\u00edcitas, e, por este meio, isenta e nega todas as outras garantias, incluindo,<br \/>\nsem limita\u00e7\u00e3o, garantias impl\u00edcitas ou condi\u00e7\u00f5es de comercializa\u00e7\u00e3o, adequa\u00e7\u00e3o a um fim<br \/>\nespec\u00edfico ou n\u00e3o viola\u00e7\u00e3o de propriedade intelectual ou outra viola\u00e7\u00e3o de direitos.<\/p>\n<p style=\"text-align: left;\">Al\u00e9m disso, a bloe n\u00e3o garante ou faz qualquer representa\u00e7\u00e3o relativa \u00e0 precis\u00e3o, aos<br \/>\nresultados prov\u00e1veis \u200b\u200bou \u00e0 confiabilidade do uso dos materiais em seu site ou de outra forma<br \/>\nrelacionado a esses materiais ou em sites vinculados a este site.<\/p>\n<p style=\"text-align: left;\"><strong>4. Limita\u00e7\u00f5es<\/strong><br \/>\nEm nenhum caso a bloe ou seus fornecedores ser\u00e3o respons\u00e1veis \u200b\u200bpor quaisquer danos<br \/>\n(incluindo, sem limita\u00e7\u00e3o, danos por perda de dados ou lucro ou devido a interrup\u00e7\u00e3o dos<br \/>\nneg\u00f3cios) decorrentes do uso ou da incapacidade de usar os materiais no site, mesmo que a<br \/>\nbloe ou um representante autorizado tenha sido notificado oralmente ou por escrito da<br \/>\npossibilidade de tais danos. Como algumas jurisdi\u00e7\u00f5es n\u00e3o permitem limita\u00e7\u00f5es em garantias<br \/>\nimpl\u00edcitas, ou limita\u00e7\u00f5es de responsabilidade por danos consequentes ou incidentais, essas<br \/>\nlimita\u00e7\u00f5es podem n\u00e3o se aplicar a voc\u00ea.<\/p>\n<p style=\"text-align: left;\"><strong>5. Precis\u00e3o dos materiais<\/strong><br \/>\nOs materiais exibidos no site da bloe podem incluir erros t\u00e9cnicos, tipogr\u00e1ficos ou fotogr\u00e1ficos.<br \/>\nA bloe n\u00e3o garante que qualquer material em seu site seja preciso, completo ou atual,<br \/>\npodendo fazer altera\u00e7\u00f5es nos materiais contidos em seu site a qualquer momento, sem aviso<br \/>\npr\u00e9vio. No entanto, ela n\u00e3o se compromete a atualizar os materiais.<\/p>\n<p style=\"text-align: left;\"><strong>6. Links<\/strong><br \/>\nA bloe n\u00e3o analisou todos os sites vinculados ao seu site e n\u00e3o \u00e9 respons\u00e1vel pelo conte\u00fado de<br \/>\nnenhum site vinculado. A inclus\u00e3o de qualquer link n\u00e3o implica endosso pela bloe do site. O<br \/>\nuso de qualquer site vinculado \u00e9 por conta e risco do usu\u00e1rio.<\/p>\n<p style=\"text-align: left;\"><strong>Modifica\u00e7\u00f5es<\/strong><br \/>\nA bloe pode revisar estes termos de servi\u00e7o do site a qualquer momento, sem aviso pr\u00e9vio. Ao<br \/>\nusar este site, voc\u00ea concorda em ficar vinculado \u00e0 vers\u00e3o atual desses termos de servi\u00e7o.<\/p>\n<p style=\"text-align: left;\"><strong>Lei aplic\u00e1vel<\/strong><br \/>\nEstes termos e condi\u00e7\u00f5es s\u00e3o regidos e interpretados de acordo com as leis da bloe e voc\u00ea se<br \/>\nsubmete irrevogavelmente \u00e0 jurisdi\u00e7\u00e3o exclusiva dos tribunais naquele estado ou localidade.<\/p>\n<\/div><\/div><\/div><div class=\"spacer spacer-big \"><\/div>\n","protected":false},"excerpt":{"rendered":"","protected":false},"author":1,"featured_media":0,"parent":0,"menu_order":0,"comment_status":"closed","ping_status":"closed","template":"","meta":{"spay_email":""},"_links":{"self":[{"href":"https:\/\/www.bloe.com.br\/index.php\/wp-json\/wp\/v2\/pages\/265"}],"collection":[{"href":"https:\/\/www.bloe.com.br\/index.php\/wp-json\/wp\/v2\/pages"}],"about":[{"href":"https:\/\/www.bloe.com.br\/index.php\/wp-json\/wp\/v2\/types\/page"}],"author":[{"embeddable":true,"href":"https:\/\/www.bloe.com.br\/index.php\/wp-json\/wp\/v2\/users\/1"}],"replies":[{"embeddable":true,"href":"https:\/\/www.bloe.com.br\/index.php\/wp-json\/wp\/v2\/comments?post=265"}],"version-history":[{"count":3,"href":"https:\/\/www.bloe.com.br\/index.php\/wp-json\/wp\/v2\/pages\/265\/revisions"}],"predecessor-version":[{"id":5212,"href":"https:\/\/www.bloe.com.br\/index.php\/wp-json\/wp\/v2\/pages\/265\/revisions\/5212"}],"wp:attachment":[{"href":"https:\/\/www.bloe.com.br\/index.php\/wp-json\/wp\/v2\/media?parent=265"}],"curies":[{"name":"wp","href":"https:\/\/api.w.org\/{rel}","templated":true}]}}